{"id":190,"date":"2023-05-25T12:39:55","date_gmt":"2023-05-25T11:39:55","guid":{"rendered":"https:\/\/spaagadir.com\/?page_id=190"},"modified":"2023-05-30T15:19:18","modified_gmt":"2023-05-30T14:19:18","slug":"about-us","status":"publish","type":"page","link":"https:\/\/spaagadir.com\/en\/a-propos-de-nous\/","title":{"rendered":"About Us"},"content":{"rendered":"\t\t<div data-elementor-type=\"wp-page\" data-elementor-id=\"190\" class=\"elementor elementor-190\" data-elementor-post-type=\"page\">\n\t\t\t\t\t\t<section class=\"elementor-section elementor-top-section elementor-element elementor-element-d61b210 elementor-section-boxed elementor-section-height-default elementor-section-height-default\" data-id=\"d61b210\" data-element_type=\"section\" data-e-type=\"section\" data-settings=\"{&quot;background_background&quot;:&quot;classic&quot;}\">\n\t\t\t\t\t\t\t<div class=\"elementor-background-overlay\"><\/div>\n\t\t\t\t\t\t\t<div class=\"elementor-container elementor-column-gap-default\">\n\t\t\t\t\t<div class=\"elementor-column elementor-col-100 elementor-top-column elementor-element elementor-element-fa78293\" data-id=\"fa78293\" data-element_type=\"column\" data-e-type=\"column\">\n\t\t\t<div class=\"elementor-widget-wrap elementor-element-populated\">\n\t\t\t\t\t\t<div class=\"elementor-element elementor-element-a1e0c72 elementor-widget elementor-widget-heading\" data-id=\"a1e0c72\" data-element_type=\"widget\" data-e-type=\"widget\" data-widget_type=\"heading.default\">\n\t\t\t\t<div class=\"elementor-widget-container\">\n\t\t\t\t\t<h1 class=\"elementor-heading-title elementor-size-default\">\u00c0 Propos De Nous\n<\/h1>\t\t\t\t<\/div>\n\t\t\t\t<\/div>\n\t\t\t\t\t<\/div>\n\t\t<\/div>\n\t\t\t\t\t<\/div>\n\t\t<\/section>\n\t\t\t\t<section class=\"elementor-section elementor-top-section elementor-element elementor-element-c1ed1e0 elementor-section-boxed elementor-section-height-default elementor-section-height-default\" data-id=\"c1ed1e0\" data-element_type=\"section\" data-e-type=\"section\" data-settings=\"{&quot;background_background&quot;:&quot;classic&quot;}\">\n\t\t\t\t\t\t<div class=\"elementor-container elementor-column-gap-default\">\n\t\t\t\t\t<div class=\"elementor-column elementor-col-100 elementor-top-column elementor-element elementor-element-2f055b9\" data-id=\"2f055b9\" data-element_type=\"column\" data-e-type=\"column\">\n\t\t\t<div class=\"elementor-widget-wrap elementor-element-populated\">\n\t\t\t\t\t\t<section class=\"elementor-section elementor-inner-section elementor-element elementor-element-afef07d elementor-section-boxed elementor-section-height-default elementor-section-height-default\" data-id=\"afef07d\" data-element_type=\"section\" data-e-type=\"section\">\n\t\t\t\t\t\t<div class=\"elementor-container elementor-column-gap-default\">\n\t\t\t\t\t<div class=\"elementor-column elementor-col-50 elementor-inner-column elementor-element elementor-element-4d03263\" data-id=\"4d03263\" data-element_type=\"column\" data-e-type=\"column\">\n\t\t\t<div class=\"elementor-widget-wrap elementor-element-populated\">\n\t\t\t\t\t\t<div class=\"elementor-element elementor-element-225cf3c elementor-widget elementor-widget-image\" data-id=\"225cf3c\" data-element_type=\"widget\" data-e-type=\"widget\" data-widget_type=\"image.default\">\n\t\t\t\t<div class=\"elementor-widget-container\">\n\t\t\t\t\t\t\t\t\t\t\t\t\t\t\t<img fetchpriority=\"high\" decoding=\"async\" width=\"800\" height=\"556\" src=\"https:\/\/spaagadir.com\/wp-content\/uploads\/2023\/05\/soin-visage-agadir-1024x712.jpg\" class=\"attachment-large size-large wp-image-357\" alt=\"\" srcset=\"https:\/\/spaagadir.com\/wp-content\/uploads\/2023\/05\/soin-visage-agadir-1024x712.jpg 1024w, https:\/\/spaagadir.com\/wp-content\/uploads\/2023\/05\/soin-visage-agadir-300x209.jpg 300w, https:\/\/spaagadir.com\/wp-content\/uploads\/2023\/05\/soin-visage-agadir-768x534.jpg 768w, https:\/\/spaagadir.com\/wp-content\/uploads\/2023\/05\/soin-visage-agadir-1536x1068.jpg 1536w, https:\/\/spaagadir.com\/wp-content\/uploads\/2023\/05\/soin-visage-agadir.jpg 2000w\" sizes=\"(max-width: 800px) 100vw, 800px\" \/>\t\t\t\t\t\t\t\t\t\t\t\t\t\t\t<\/div>\n\t\t\t\t<\/div>\n\t\t\t\t\t<\/div>\n\t\t<\/div>\n\t\t\t\t<div class=\"elementor-column elementor-col-50 elementor-inner-column elementor-element elementor-element-f99ee04\" data-id=\"f99ee04\" data-element_type=\"column\" data-e-type=\"column\">\n\t\t\t<div class=\"elementor-widget-wrap elementor-element-populated\">\n\t\t\t\t\t\t<div class=\"elementor-element elementor-element-78d6f01 elementor-widget elementor-widget-heading\" data-id=\"78d6f01\" data-element_type=\"widget\" data-e-type=\"widget\" data-widget_type=\"heading.default\">\n\t\t\t\t<div class=\"elementor-widget-container\">\n\t\t\t\t\t<h2 class=\"elementor-heading-title elementor-size-default\">VOUS CHERCHEZ LE MEILLEUR SPA A AGADIR ? CHERCHEZ PAS PLUS LOIN\n<\/h2>\t\t\t\t<\/div>\n\t\t\t\t<\/div>\n\t\t\t\t<div class=\"elementor-element elementor-element-4f9595a elementor-widget-divider--view-line_icon elementor-view-default elementor-widget-divider--element-align-center elementor-widget elementor-widget-divider\" data-id=\"4f9595a\" data-element_type=\"widget\" data-e-type=\"widget\" data-widget_type=\"divider.default\">\n\t\t\t\t<div class=\"elementor-widget-container\">\n\t\t\t\t\t\t\t<div class=\"elementor-divider\">\n\t\t\t<span class=\"elementor-divider-separator\">\n\t\t\t\t\t\t\t<div class=\"elementor-icon elementor-divider__element\">\n\t\t\t\t\t<i aria-hidden=\"true\" class=\"fas fa-spa\"><\/i><\/div>\n\t\t\t\t\t\t<\/span>\n\t\t<\/div>\n\t\t\t\t\t\t<\/div>\n\t\t\t\t<\/div>\n\t\t\t\t<div class=\"elementor-element elementor-element-bb15c88 elementor-widget__width-initial elementor-widget elementor-widget-text-editor\" data-id=\"bb15c88\" data-element_type=\"widget\" data-e-type=\"widget\" data-widget_type=\"text-editor.default\">\n\t\t\t\t<div class=\"elementor-widget-container\">\n\t\t\t\t\t\t\t\t\t<section class=\"elementor-section elementor-top-section elementor-element elementor-element-b6ce696 elementor-section-boxed elementor-section-height-default elementor-section-height-default\" data-id=\"b6ce696\" data-element_type=\"section\"><div class=\"elementor-container elementor-column-gap-default\"><div class=\"elementor-column elementor-col-100 elementor-top-column elementor-element elementor-element-845150f\" data-id=\"845150f\" data-element_type=\"column\"><div class=\"elementor-widget-wrap elementor-element-populated\"><div class=\"elementor-element elementor-element-6dd5596 elementor-widget elementor-widget-text-editor\" data-id=\"6dd5596\" data-element_type=\"widget\" data-widget_type=\"text-editor.default\"><div class=\"elementor-widget-container\"><p>Offrez-vous une tranquillit\u00e9 totale en faisant l\u2019exp\u00e9rience du summum de la relaxation et du rajeunissement.<\/p><p>Nich\u00e9 \u00e0 l\u2019\u00e9cart de l\u2019agitation du centre de Agadir, notre boutique et spa propose une gamme d\u2019options pour r\u00e9pondre \u00e0 vos besoins de d\u00e9tente.<\/p><p>En plus des bains \u00e0 remous en c\u00e8dre \u00e0 usage exclusif, Spa Agadir\u00a0 abrite \u00e9galement un spa de jour tranquille avec des th\u00e9rapeutes de haute qualit\u00e9 offrant une vaste gamme de soins du visage et du corps pour femmes et hommes (options d\u2019une ou deux heures disponibles).<\/p><\/div><\/div><\/div><\/div><\/div><\/section><section class=\"elementor-section elementor-top-section elementor-element elementor-element-fc366dc elementor-section-boxed elementor-section-height-default elementor-section-height-default\" data-id=\"fc366dc\" data-element_type=\"section\"><div class=\"elementor-container elementor-column-gap-default\"><div class=\"elementor-column elementor-col-50 elementor-top-column elementor-element elementor-element-f530143\" data-id=\"f530143\" data-element_type=\"column\"><div class=\"elementor-widget-wrap elementor-element-populated\"><div class=\"elementor-element elementor-element-fe8c6ab elementor-widget elementor-widget-image\" data-id=\"fe8c6ab\" data-element_type=\"widget\" data-widget_type=\"image.default\">\u00a0<\/div><\/div><\/div><\/div><\/section>\t\t\t\t\t\t\t\t<\/div>\n\t\t\t\t<\/div>\n\t\t\t\t\t<\/div>\n\t\t<\/div>\n\t\t\t\t\t<\/div>\n\t\t<\/section>\n\t\t\t\t\t<\/div>\n\t\t<\/div>\n\t\t\t\t\t<\/div>\n\t\t<\/section>\n\t\t\t\t<section class=\"elementor-section elementor-top-section elementor-element elementor-element-71bef48 elementor-section-boxed elementor-section-height-default elementor-section-height-default\" data-id=\"71bef48\" data-element_type=\"section\" data-e-type=\"section\" data-settings=\"{&quot;background_background&quot;:&quot;classic&quot;}\">\n\t\t\t\t\t\t<div class=\"elementor-container elementor-column-gap-default\">\n\t\t\t\t\t<div class=\"elementor-column elementor-col-100 elementor-top-column elementor-element elementor-element-49ae7f4\" data-id=\"49ae7f4\" data-element_type=\"column\" data-e-type=\"column\">\n\t\t\t<div class=\"elementor-widget-wrap elementor-element-populated\">\n\t\t\t\t\t\t<section class=\"elementor-section elementor-inner-section elementor-element elementor-element-9a35032 elementor-reverse-mobile elementor-section-boxed elementor-section-height-default elementor-section-height-default\" data-id=\"9a35032\" data-element_type=\"section\" data-e-type=\"section\">\n\t\t\t\t\t\t<div class=\"elementor-container elementor-column-gap-default\">\n\t\t\t\t\t<div class=\"elementor-column elementor-col-50 elementor-inner-column elementor-element elementor-element-211cd1d\" data-id=\"211cd1d\" data-element_type=\"column\" data-e-type=\"column\">\n\t\t\t<div class=\"elementor-widget-wrap elementor-element-populated\">\n\t\t\t\t\t\t<div class=\"elementor-element elementor-element-0c1a9f2 elementor-widget elementor-widget-heading\" data-id=\"0c1a9f2\" data-element_type=\"widget\" data-e-type=\"widget\" data-widget_type=\"heading.default\">\n\t\t\t\t<div class=\"elementor-widget-container\">\n\t\t\t\t\t<h2 class=\"elementor-heading-title elementor-size-default\">Notre Histoire\n<\/h2>\t\t\t\t<\/div>\n\t\t\t\t<\/div>\n\t\t\t\t<div class=\"elementor-element elementor-element-cd2279f elementor-widget elementor-widget-text-editor\" data-id=\"cd2279f\" data-element_type=\"widget\" data-e-type=\"widget\" data-widget_type=\"text-editor.default\">\n\t\t\t\t<div class=\"elementor-widget-container\">\n\t\t\t\t\t\t\t\t\t<p>Agadir Spa est un spa prim\u00e9 au c\u0153ur de Agadir. D\u00e9tenue et exploit\u00e9e par Gilles Nahon, la marque a \u00e9t\u00e9 cr\u00e9\u00e9e en 2018, \u00e9tendant l\u2019entreprise de massage solo Nadi au tout premier et exclusif\u00a0 Spa de Agadir.<\/p><p>Depuis son ouverture le 24 juillet 2019, le Spa Agadir est devenu le plus grand spa ind\u00e9pendant de Agadir et compte une \u00e9quipe de plus de 20 personnes dans notre spa de jour situ\u00e9 dans le centre-ville Hay Salam.<\/p><p>\u00c0 ce jour, notre politique d\u2019embauche stricte garantit le plus haut niveau de qualit\u00e9 \u00e0 notre \u00e9quipe de th\u00e9rapeutes form\u00e9s \u00e0 l\u2019international, garantissant la qualit\u00e9 des traitements dans notre spa.<\/p><p>Prenez un moment pour vous et d\u00e9tendez-vous au Centre de Massage et Hammam, Agadir.<\/p>\t\t\t\t\t\t\t\t<\/div>\n\t\t\t\t<\/div>\n\t\t\t\t<div class=\"elementor-element elementor-element-ecd9e0a elementor-mobile-align-center elementor-widget elementor-widget-button\" data-id=\"ecd9e0a\" data-element_type=\"widget\" data-e-type=\"widget\" data-widget_type=\"button.default\">\n\t\t\t\t<div class=\"elementor-widget-container\">\n\t\t\t\t\t\t\t\t\t<div class=\"elementor-button-wrapper\">\n\t\t\t\t\t<a class=\"elementor-button elementor-button-link elementor-size-sm\" href=\"https:\/\/spaagadir.com\/contact\/\">\n\t\t\t\t\t\t<span class=\"elementor-button-content-wrapper\">\n\t\t\t\t\t\t\t\t\t<span class=\"elementor-button-text\"> Prenez Rendez-Vous<\/span>\n\t\t\t\t\t<\/span>\n\t\t\t\t\t<\/a>\n\t\t\t\t<\/div>\n\t\t\t\t\t\t\t\t<\/div>\n\t\t\t\t<\/div>\n\t\t\t\t\t<\/div>\n\t\t<\/div>\n\t\t\t\t<div class=\"elementor-column elementor-col-50 elementor-inner-column elementor-element elementor-element-7780731\" data-id=\"7780731\" data-element_type=\"column\" data-e-type=\"column\">\n\t\t\t<div class=\"elementor-widget-wrap elementor-element-populated\">\n\t\t\t\t\t\t<div class=\"elementor-element elementor-element-ad5cf66 elementor-widget elementor-widget-image\" data-id=\"ad5cf66\" data-element_type=\"widget\" data-e-type=\"widget\" data-widget_type=\"image.default\">\n\t\t\t\t<div class=\"elementor-widget-container\">\n\t\t\t\t\t\t\t\t\t\t\t\t\t\t\t<img decoding=\"async\" width=\"445\" height=\"445\" src=\"https:\/\/spaagadir.com\/wp-content\/uploads\/2023\/05\/spa-agadir-massage-hammam.png\" class=\"attachment-large size-large wp-image-205\" alt=\"\" srcset=\"https:\/\/spaagadir.com\/wp-content\/uploads\/2023\/05\/spa-agadir-massage-hammam.png 445w, https:\/\/spaagadir.com\/wp-content\/uploads\/2023\/05\/spa-agadir-massage-hammam-300x300.png 300w, https:\/\/spaagadir.com\/wp-content\/uploads\/2023\/05\/spa-agadir-massage-hammam-150x150.png 150w\" sizes=\"(max-width: 445px) 100vw, 445px\" \/>\t\t\t\t\t\t\t\t\t\t\t\t\t\t\t<\/div>\n\t\t\t\t<\/div>\n\t\t\t\t\t<\/div>\n\t\t<\/div>\n\t\t\t\t\t<\/div>\n\t\t<\/section>\n\t\t\t\t\t<\/div>\n\t\t<\/div>\n\t\t\t\t\t<\/div>\n\t\t<\/section>\n\t\t\t\t<section class=\"elementor-section elementor-top-section elementor-element elementor-element-dfb8861 elementor-section-boxed elementor-section-height-default elementor-section-height-default\" data-id=\"dfb8861\" data-element_type=\"section\" data-e-type=\"section\" data-settings=\"{&quot;background_background&quot;:&quot;classic&quot;}\">\n\t\t\t\t\t\t<div class=\"elementor-container elementor-column-gap-default\">\n\t\t\t\t\t<div class=\"elementor-column elementor-col-100 elementor-top-column elementor-element elementor-element-e782458\" data-id=\"e782458\" data-element_type=\"column\" data-e-type=\"column\">\n\t\t\t<div class=\"elementor-widget-wrap elementor-element-populated\">\n\t\t\t\t\t\t<div class=\"elementor-element elementor-element-09df6ad elementor-widget elementor-widget-heading\" data-id=\"09df6ad\" data-element_type=\"widget\" data-e-type=\"widget\" data-widget_type=\"heading.default\">\n\t\t\t\t<div class=\"elementor-widget-container\">\n\t\t\t\t\t<h2 class=\"elementor-heading-title elementor-size-default\">Pourquoi nous choisir<\/h2>\t\t\t\t<\/div>\n\t\t\t\t<\/div>\n\t\t\t\t<div class=\"elementor-element elementor-element-fb5dbef elementor-widget elementor-widget-text-editor\" data-id=\"fb5dbef\" data-element_type=\"widget\" data-e-type=\"widget\" data-widget_type=\"text-editor.default\">\n\t\t\t\t<div class=\"elementor-widget-container\">\n\t\t\t\t\t\t\t\t\t<p>Ici, au Agadir Spa, nous sommes fiers de notre r\u00e9putation trois \u00e9toiles, le spa\u00a0 biologique le plus unique de Agadir. Nous sommes tr\u00e8s fiers des services biologiques uniques que nous offrons.<\/p><p>Notre mission au Agadir Spa a \u00e9t\u00e9 cr\u00e9\u00e9e sur la base d\u2019un principe simple : offrir \u00e0 nos clients les services de spa de luxe les plus purs et un hammam dans l\u2019environnement le plus unique et le plus tranquille<\/p><p>\u00a0Notre personnel est compos\u00e9 de prestataires de services hautement qualifi\u00e9s, de personnel de gestion et d\u2019administration. Senteurs de s\u00e9r\u00e9nit\u00e9 n\u2019est tout simplement pas qu\u2019un spa, nous repr\u00e9sentons une philosophie ancr\u00e9e dans la conviction que la vraie beaut\u00e9 organique vient de l\u2019int\u00e9rieur.<\/p><p>Nous sommes ici pour rehausser cette beaut\u00e9 en utilisant les produits les plus purs disponibles pour nos clients.<\/p>\t\t\t\t\t\t\t\t<\/div>\n\t\t\t\t<\/div>\n\t\t\t\t\t<\/div>\n\t\t<\/div>\n\t\t\t\t\t<\/div>\n\t\t<\/section>\n\t\t\t\t<section class=\"elementor-section elementor-top-section elementor-element elementor-element-31041823 elementor-section-boxed elementor-section-height-default elementor-section-height-default\" data-id=\"31041823\" data-element_type=\"section\" data-e-type=\"section\">\n\t\t\t\t\t\t<div class=\"elementor-container elementor-column-gap-default\">\n\t\t\t\t\t<div class=\"elementor-column elementor-col-33 elementor-top-column elementor-element elementor-element-54647760\" data-id=\"54647760\" data-element_type=\"column\" data-e-type=\"column\">\n\t\t\t<div class=\"elementor-widget-wrap elementor-element-populated\">\n\t\t\t\t\t\t<div class=\"elementor-element elementor-element-6bdb8477 elementor-widget elementor-widget-google_maps\" data-id=\"6bdb8477\" data-element_type=\"widget\" data-e-type=\"widget\" data-widget_type=\"google_maps.default\">\n\t\t\t\t<div class=\"elementor-widget-container\">\n\t\t\t\t\t\t\t<div class=\"elementor-custom-embed\">\n\t\t\t<iframe loading=\"lazy\"\n\t\t\t\t\tsrc=\"https:\/\/maps.google.com\/maps?q=Salam%20%2C%20Agadir%2080000&#038;t=m&#038;z=10&#038;output=embed&#038;iwloc=near\"\n\t\t\t\t\ttitle=\"Salam , Agadir 80000\"\n\t\t\t\t\taria-label=\"Salam , Agadir 80000\"\n\t\t\t><\/iframe>\n\t\t<\/div>\n\t\t\t\t\t\t<\/div>\n\t\t\t\t<\/div>\n\t\t\t\t<div class=\"elementor-element elementor-element-5f9db25a elementor-widget elementor-widget-text-editor\" data-id=\"5f9db25a\" data-element_type=\"widget\" data-e-type=\"widget\" data-widget_type=\"text-editor.default\">\n\t\t\t\t<div class=\"elementor-widget-container\">\n\t\t\t\t\t\t\t\t\t<p>Tel : 0776638734<\/p><p>Email: Contact@spaagadir.com<\/p><p>Address : Salam , Agadir 80000<\/p>\t\t\t\t\t\t\t\t<\/div>\n\t\t\t\t<\/div>\n\t\t\t\t\t<\/div>\n\t\t<\/div>\n\t\t\t\t<div class=\"elementor-column elementor-col-66 elementor-top-column elementor-element elementor-element-12af2a7d\" data-id=\"12af2a7d\" data-element_type=\"column\" data-e-type=\"column\">\n\t\t\t<div class=\"elementor-widget-wrap elementor-element-populated\">\n\t\t\t\t\t\t<div class=\"elementor-element elementor-element-20875517 elementor-widget elementor-widget-heading\" data-id=\"20875517\" data-element_type=\"widget\" data-e-type=\"widget\" data-widget_type=\"heading.default\">\n\t\t\t\t<div class=\"elementor-widget-container\">\n\t\t\t\t\t<h4 class=\"elementor-heading-title elementor-size-default\">Faire une r\u00e9servation<\/h4>\t\t\t\t<\/div>\n\t\t\t\t<\/div>\n\t\t\t\t<div class=\"elementor-element elementor-element-cfd1019 elementor-button-align-start elementor-mobile-button-align-center elementor-widget elementor-widget-form\" data-id=\"cfd1019\" data-element_type=\"widget\" data-e-type=\"widget\" data-settings=\"{&quot;step_next_label&quot;:&quot;Next&quot;,&quot;step_previous_label&quot;:&quot;Previous&quot;,&quot;button_width&quot;:&quot;100&quot;,&quot;step_type&quot;:&quot;number_text&quot;,&quot;step_icon_shape&quot;:&quot;circle&quot;}\" data-widget_type=\"form.default\">\n\t\t\t\t<div class=\"elementor-widget-container\">\n\t\t\t\t\t\t\t<form class=\"elementor-form\" method=\"post\" name=\"Home form\">\n\t\t\t<input type=\"hidden\" name=\"post_id\" value=\"190\"\/>\n\t\t\t<input type=\"hidden\" name=\"form_id\" value=\"cfd1019\"\/>\n\t\t\t<input type=\"hidden\" name=\"referer_title\" value=\"\" \/>\n\n\t\t\t\n\t\t\t<div class=\"elementor-form-fields-wrapper elementor-labels-above\">\n\t\t\t\t\t\t\t\t<div class=\"elementor-field-type-text elementor-field-group elementor-column elementor-field-group-name elementor-col-100\">\n\t\t\t\t\t\t\t\t\t\t\t\t<label for=\"form-field-name\" class=\"elementor-field-label\">\n\t\t\t\t\t\t\t\tVotre e-mail\t\t\t\t\t\t\t<\/label>\n\t\t\t\t\t\t\t\t\t\t\t\t\t\t<input size=\"1\" type=\"text\" name=\"form_fields[name]\" id=\"form-field-name\" class=\"elementor-field elementor-size-sm  elementor-field-textual\" placeholder=\"Contact@company.com\">\n\t\t\t\t\t\t\t\t\t\t\t<\/div>\n\t\t\t\t\t\t\t\t<div class=\"elementor-field-type-email elementor-field-group elementor-column elementor-field-group-email elementor-col-50 elementor-field-required\">\n\t\t\t\t\t\t\t\t\t\t\t\t<label for=\"form-field-email\" class=\"elementor-field-label\">\n\t\t\t\t\t\t\t\tPr\u00e9nom\t\t\t\t\t\t\t<\/label>\n\t\t\t\t\t\t\t\t\t\t\t\t\t\t<input size=\"1\" type=\"email\" name=\"form_fields[email]\" id=\"form-field-email\" class=\"elementor-field elementor-size-sm  elementor-field-textual\" placeholder=\"John \" required=\"required\">\n\t\t\t\t\t\t\t\t\t\t\t<\/div>\n\t\t\t\t\t\t\t\t<div class=\"elementor-field-type-text elementor-field-group elementor-column elementor-field-group-04fbb9f elementor-col-50 elementor-field-required\">\n\t\t\t\t\t\t\t\t\t\t\t\t<label for=\"form-field-04fbb9f\" class=\"elementor-field-label\">\n\t\t\t\t\t\t\t\tNom de famille\t\t\t\t\t\t\t<\/label>\n\t\t\t\t\t\t\t\t\t\t\t\t\t\t<input size=\"1\" type=\"text\" name=\"form_fields[04fbb9f]\" id=\"form-field-04fbb9f\" class=\"elementor-field elementor-size-sm  elementor-field-textual\" placeholder=\"Doe\" required=\"required\">\n\t\t\t\t\t\t\t\t\t\t\t<\/div>\n\t\t\t\t\t\t\t\t<div class=\"elementor-field-type-textarea elementor-field-group elementor-column elementor-field-group-field_9469674 elementor-col-100\">\n\t\t\t\t\t\t\t\t\t\t\t\t<label for=\"form-field-field_9469674\" class=\"elementor-field-label\">\n\t\t\t\t\t\t\t\tObjet\t\t\t\t\t\t\t<\/label>\n\t\t\t\t\t\t<textarea class=\"elementor-field-textual elementor-field  elementor-size-sm\" name=\"form_fields[field_9469674]\" id=\"form-field-field_9469674\" rows=\"4\"><\/textarea>\t\t\t\t<\/div>\n\t\t\t\t\t\t\t\t<div class=\"elementor-field-group elementor-column elementor-field-type-submit elementor-col-100 e-form__buttons\">\n\t\t\t\t\t<button class=\"elementor-button elementor-size-md\" type=\"submit\">\n\t\t\t\t\t\t<span class=\"elementor-button-content-wrapper\">\n\t\t\t\t\t\t\t\t\t\t\t\t\t\t\t<span class=\"elementor-button-icon\">\n\t\t\t\t\t\t\t\t\t<i aria-hidden=\"true\" class=\"far fa-arrow-alt-circle-right\"><\/i>\t\t\t\t\t\t\t\t\t\t\t\t\t\t\t\t\t<\/span>\n\t\t\t\t\t\t\t\t\t\t\t\t\t\t\t\t\t\t\t\t\t\t<span class=\"elementor-button-text\">R\u00e9serve<\/span>\n\t\t\t\t\t\t\t\t\t\t\t\t\t<\/span>\n\t\t\t\t\t<\/button>\n\t\t\t\t<\/div>\n\t\t\t<\/div>\n\t\t<\/form>\n\t\t\t\t\t\t<\/div>\n\t\t\t\t<\/div>\n\t\t\t\t\t<\/div>\n\t\t<\/div>\n\t\t\t\t\t<\/div>\n\t\t<\/section>\n\t\t\t\t<\/div>\n\t\t","protected":false},"excerpt":{"rendered":"<p>\u00c0 Propos De Nous VOUS CHERCHEZ LE MEILLEUR SPA A AGADIR ? CHERCHEZ PAS PLUS LOIN Offrez-vous une tranquillit\u00e9 totale en faisant l\u2019exp\u00e9rience du summum de la relaxation et du rajeunissement. Nich\u00e9 \u00e0 l\u2019\u00e9cart de l\u2019agitation du centre de Agadir, notre boutique et spa propose une gamme d\u2019options pour r\u00e9pondre \u00e0 vos besoins de d\u00e9tente. [&hellip;]<\/p>\n","protected":false},"author":1,"featured_media":0,"parent":0,"menu_order":0,"comment_status":"closed","ping_status":"closed","template":"","meta":{"_joinchat":[],"footnotes":""},"class_list":["post-190","page","type-page","status-publish","hentry"],"_links":{"self":[{"href":"https:\/\/spaagadir.com\/en\/wp-json\/wp\/v2\/pages\/190","targetHints":{"allow":["GET"]}}],"collection":[{"href":"https:\/\/spaagadir.com\/en\/wp-json\/wp\/v2\/pages"}],"about":[{"href":"https:\/\/spaagadir.com\/en\/wp-json\/wp\/v2\/types\/page"}],"author":[{"embeddable":true,"href":"https:\/\/spaagadir.com\/en\/wp-json\/wp\/v2\/users\/1"}],"replies":[{"embeddable":true,"href":"https:\/\/spaagadir.com\/en\/wp-json\/wp\/v2\/comments?post=190"}],"version-history":[{"count":38,"href":"https:\/\/spaagadir.com\/en\/wp-json\/wp\/v2\/pages\/190\/revisions"}],"predecessor-version":[{"id":744,"href":"https:\/\/spaagadir.com\/en\/wp-json\/wp\/v2\/pages\/190\/revisions\/744"}],"wp:attachment":[{"href":"https:\/\/spaagadir.com\/en\/wp-json\/wp\/v2\/media?parent=190"}],"curies":[{"name":"wp","href":"https:\/\/api.w.org\/{rel}","templated":true}]}}