{"id":532,"date":"2023-05-27T15:20:48","date_gmt":"2023-05-27T14:20:48","guid":{"rendered":"https:\/\/spaagadir.com\/?page_id=532"},"modified":"2024-07-15T14:13:35","modified_gmt":"2024-07-15T13:13:35","slug":"body-to-body-massage-agadir-2","status":"publish","type":"page","link":"https:\/\/spaagadir.com\/en\/massage-corps-a-corps-agadir\/","title":{"rendered":"Massage Corps a Corps Agadir"},"content":{"rendered":"\t\t<div data-elementor-type=\"wp-page\" data-elementor-id=\"532\" class=\"elementor elementor-532\" data-elementor-post-type=\"page\">\n\t\t\t\t\t\t<section class=\"elementor-section elementor-top-section elementor-element elementor-element-2d08086 elementor-section-boxed elementor-section-height-default elementor-section-height-default\" data-id=\"2d08086\" data-element_type=\"section\" data-e-type=\"section\" data-settings=\"{&quot;background_background&quot;:&quot;classic&quot;}\">\n\t\t\t\t\t\t\t<div class=\"elementor-background-overlay\"><\/div>\n\t\t\t\t\t\t\t<div class=\"elementor-container elementor-column-gap-default\">\n\t\t\t\t\t<div class=\"elementor-column elementor-col-100 elementor-top-column elementor-element elementor-element-94d1cf3\" data-id=\"94d1cf3\" data-element_type=\"column\" data-e-type=\"column\">\n\t\t\t<div class=\"elementor-widget-wrap elementor-element-populated\">\n\t\t\t\t\t\t<div class=\"elementor-element elementor-element-4d5fedd elementor-widget elementor-widget-heading\" data-id=\"4d5fedd\" data-element_type=\"widget\" data-e-type=\"widget\" data-widget_type=\"heading.default\">\n\t\t\t\t<div class=\"elementor-widget-container\">\n\t\t\t\t\t<h1 class=\"elementor-heading-title elementor-size-default\">Massage Corps a Corps Agadir<\/h1>\t\t\t\t<\/div>\n\t\t\t\t<\/div>\n\t\t\t\t<div class=\"elementor-element elementor-element-5f067d6 elementor-widget elementor-widget-text-editor\" data-id=\"5f067d6\" data-element_type=\"widget\" data-e-type=\"widget\" data-widget_type=\"text-editor.default\">\n\t\t\t\t<div class=\"elementor-widget-container\">\n\t\t\t\t\t\t\t\t\t<p><strong>Le massage corps \u00e0 corps<\/strong>\u00a0 est une technique de massage qui implique une interaction physique entre le masseur et le client. Contrairement aux autres types de massage o\u00f9 le masseur utilise uniquement ses mains pour masser le corps, le massage corps \u00e0 corps utilise \u00e9galement d&rsquo;autres parties du corps, telles que les bras, les jambes ou le torse. Cette technique permet une immersion totale dans une sensation de bien-\u00eatre absolu.<\/p>\t\t\t\t\t\t\t\t<\/div>\n\t\t\t\t<\/div>\n\t\t\t\t\t<\/div>\n\t\t<\/div>\n\t\t\t\t\t<\/div>\n\t\t<\/section>\n\t\t\t\t<section class=\"elementor-section elementor-top-section elementor-element elementor-element-5103216 elementor-section-boxed elementor-section-height-default elementor-section-height-default\" data-id=\"5103216\" data-element_type=\"section\" data-e-type=\"section\" data-settings=\"{&quot;background_background&quot;:&quot;classic&quot;}\">\n\t\t\t\t\t\t<div class=\"elementor-container elementor-column-gap-default\">\n\t\t\t\t\t<div class=\"elementor-column elementor-col-100 elementor-top-column elementor-element elementor-element-84bee66\" data-id=\"84bee66\" data-element_type=\"column\" data-e-type=\"column\">\n\t\t\t<div class=\"elementor-widget-wrap elementor-element-populated\">\n\t\t\t\t\t\t<section class=\"elementor-section elementor-inner-section elementor-element elementor-element-62e9d79 elementor-reverse-mobile elementor-section-boxed elementor-section-height-default elementor-section-height-default\" data-id=\"62e9d79\" data-element_type=\"section\" data-e-type=\"section\">\n\t\t\t\t\t\t<div class=\"elementor-container elementor-column-gap-default\">\n\t\t\t\t\t<div class=\"elementor-column elementor-col-50 elementor-inner-column elementor-element elementor-element-d906d4d\" data-id=\"d906d4d\" data-element_type=\"column\" data-e-type=\"column\">\n\t\t\t<div class=\"elementor-widget-wrap elementor-element-populated\">\n\t\t\t\t\t\t<div class=\"elementor-element elementor-element-02c6404 elementor-widget elementor-widget-image\" data-id=\"02c6404\" data-element_type=\"widget\" data-e-type=\"widget\" data-widget_type=\"image.default\">\n\t\t\t\t<div class=\"elementor-widget-container\">\n\t\t\t\t\t\t\t\t\t\t\t\t\t\t\t<img fetchpriority=\"high\" decoding=\"async\" width=\"550\" height=\"413\" src=\"https:\/\/spaagadir.com\/wp-content\/uploads\/2023\/05\/bella-spa-agadir-vous.jpg\" class=\"attachment-large size-large wp-image-248\" alt=\"massage corps a corps agadir\" srcset=\"https:\/\/spaagadir.com\/wp-content\/uploads\/2023\/05\/bella-spa-agadir-vous.jpg 550w, https:\/\/spaagadir.com\/wp-content\/uploads\/2023\/05\/bella-spa-agadir-vous-300x225.jpg 300w\" sizes=\"(max-width: 550px) 100vw, 550px\" \/>\t\t\t\t\t\t\t\t\t\t\t\t\t\t\t<\/div>\n\t\t\t\t<\/div>\n\t\t\t\t\t<\/div>\n\t\t<\/div>\n\t\t\t\t<div class=\"elementor-column elementor-col-50 elementor-inner-column elementor-element elementor-element-b1c002b\" data-id=\"b1c002b\" data-element_type=\"column\" data-e-type=\"column\">\n\t\t\t<div class=\"elementor-widget-wrap elementor-element-populated\">\n\t\t\t\t\t\t<div class=\"elementor-element elementor-element-f5bd1a6 elementor-widget elementor-widget-heading\" data-id=\"f5bd1a6\" data-element_type=\"widget\" data-e-type=\"widget\" data-widget_type=\"heading.default\">\n\t\t\t\t<div class=\"elementor-widget-container\">\n\t\t\t\t\t<h2 class=\"elementor-heading-title elementor-size-default\">Massage Corps \u00e0 Corps  Agadir <\/h2>\t\t\t\t<\/div>\n\t\t\t\t<\/div>\n\t\t\t\t<div class=\"elementor-element elementor-element-4db2c66 elementor-widget elementor-widget-text-editor\" data-id=\"4db2c66\" data-element_type=\"widget\" data-e-type=\"widget\" data-widget_type=\"text-editor.default\">\n\t\t\t\t<div class=\"elementor-widget-container\">\n\t\t\t\t\t\t\t\t\t<p>Le <a href=\"https:\/\/spaagadir.com\/\">spa d&rsquo;Agadir<\/a> s&rsquo;assure que nos clients et nos clients obtiennent les meilleurs services de massage corporel de l&rsquo;industrie, tout en utilisant des technologies de haute qualit\u00e9 afin que nos clients b\u00e9n\u00e9ficient des services et de l&rsquo;exp\u00e9rience de massage corporel de classe mondiale. Vous pouvez r\u00e9server votre rendez-vous \u00e0 tout moment pour toute date \u00e0 venir. Vous pouvez \u00e9galement r\u00e9server des forfaits de massage corporel \u00e0 800 Dhs uniquement. Nous fournissons un endroit s\u00fbr et s\u00e9curis\u00e9 o\u00f9 vous pouvez r\u00e9aliser tout ce que vous souhaitez tout en profitant d&rsquo;une exp\u00e9rience de massage corporel. Agadir Spa r\u00e9alisation et bonne volont\u00e9 bas\u00e9e sur notre \u00e9quipe d\u00e9vou\u00e9e de professionnels exp\u00e9riment\u00e9s et form\u00e9s. Notre th\u00e9rapeute f\u00e9minine, enti\u00e8rement professionnelle, travaille avec un d\u00e9vouement total et une d\u00e9termination totale. Nous proposons diff\u00e9rentes options de paiement afin que vous ne rencontriez aucune difficult\u00e9 lors des paiements.<\/p>\t\t\t\t\t\t\t\t<\/div>\n\t\t\t\t<\/div>\n\t\t\t\t\t<\/div>\n\t\t<\/div>\n\t\t\t\t\t<\/div>\n\t\t<\/section>\n\t\t\t\t\t<\/div>\n\t\t<\/div>\n\t\t\t\t\t<\/div>\n\t\t<\/section>\n\t\t\t\t<section class=\"elementor-section elementor-top-section elementor-element elementor-element-bc48430 elementor-section-boxed elementor-section-height-default elementor-section-height-default\" data-id=\"bc48430\" data-element_type=\"section\" data-e-type=\"section\" data-settings=\"{&quot;background_background&quot;:&quot;classic&quot;}\">\n\t\t\t\t\t\t<div class=\"elementor-container elementor-column-gap-default\">\n\t\t\t\t\t<div class=\"elementor-column elementor-col-100 elementor-top-column elementor-element elementor-element-68a2a38\" data-id=\"68a2a38\" data-element_type=\"column\" data-e-type=\"column\">\n\t\t\t<div class=\"elementor-widget-wrap elementor-element-populated\">\n\t\t\t\t\t\t<div class=\"elementor-element elementor-element-44e62c1 elementor-widget elementor-widget-heading\" data-id=\"44e62c1\" data-element_type=\"widget\" data-e-type=\"widget\" data-widget_type=\"heading.default\">\n\t\t\t\t<div class=\"elementor-widget-container\">\n\t\t\t\t\t<h2 class=\"elementor-heading-title elementor-size-default\">Meilleur Spa de Massage Erotique Agadir<\/h2>\t\t\t\t<\/div>\n\t\t\t\t<\/div>\n\t\t\t\t<div class=\"elementor-element elementor-element-34d6db5 elementor-widget elementor-widget-text-editor\" data-id=\"34d6db5\" data-element_type=\"widget\" data-e-type=\"widget\" data-widget_type=\"text-editor.default\">\n\t\t\t\t<div class=\"elementor-widget-container\">\n\t\t\t\t\t\t\t\t\t<p>Dans la belle ville d&rsquo;Agadir, vous trouverez le <strong>Centre de Massage Agadir<\/strong> pour profiter de moments de pure \u00e9vasion. Dans cet \u00e9tablissement, vous serez entre les mains de professionnels incroyables qui vous transporteront vers la d\u00e9tente et la d\u00e9connexion les plus absolues. Quiconque visite cet endroit est ravi et impatient d&rsquo;y retourner. N&rsquo;h\u00e9sitez pas et faites <a href=\"https:\/\/spaagadir.com\/contact\/\">votre r\u00e9servation d\u00e8s maintenant<\/a>. Vous en ressortirez comme neuf !<\/p><p>Notre<strong> massage erotique agadir<\/strong>\u00a0vous permet de retrouver votre \u00e9quilibre gr\u00e2ce \u00e0 des techniques de massage fermes et apaisantes issues de la massoth\u00e9rapie traditionnelle. L&rsquo;application d&rsquo;une huile de massage du bout des doigts et la diffusion d&rsquo;huiles essentielles relaxantes permettent de d\u00e9buter le massage par <strong>un rituel apaisant pour le corps et l&rsquo;esprit<\/strong>. Notre spa vous invite \u00e0 plonger avec d\u00e9lice dans une exp\u00e9rience de d\u00e9tente au c\u0153ur d&rsquo;Agadir gr\u00e2ce \u00e0 un environnement apaisant, con\u00e7u pour favoriser le l\u00e2cher-prise. Afin de nourrir la peau en toute conscience, nous n&rsquo;utilisons que des produits faits maison, \u00e9labor\u00e9s \u00e0 partir d&rsquo;ingr\u00e9dients naturels et de plantes m\u00e9dicinales reconnues pour leurs propri\u00e9t\u00e9s apaisantes et relaxantes.<\/p>\t\t\t\t\t\t\t\t<\/div>\n\t\t\t\t<\/div>\n\t\t\t\t\t<\/div>\n\t\t<\/div>\n\t\t\t\t\t<\/div>\n\t\t<\/section>\n\t\t\t\t<section class=\"elementor-section elementor-top-section elementor-element elementor-element-8a2615a elementor-section-boxed elementor-section-height-default elementor-section-height-default\" data-id=\"8a2615a\" data-element_type=\"section\" data-e-type=\"section\" data-settings=\"{&quot;background_background&quot;:&quot;classic&quot;}\">\n\t\t\t\t\t\t<div class=\"elementor-container elementor-column-gap-default\">\n\t\t\t\t\t<div class=\"elementor-column elementor-col-100 elementor-top-column elementor-element elementor-element-24646db\" data-id=\"24646db\" data-element_type=\"column\" data-e-type=\"column\">\n\t\t\t<div class=\"elementor-widget-wrap elementor-element-populated\">\n\t\t\t\t\t\t<div class=\"elementor-element elementor-element-0a059f1 elementor-widget elementor-widget-heading\" data-id=\"0a059f1\" data-element_type=\"widget\" data-e-type=\"widget\" data-widget_type=\"heading.default\">\n\t\t\t\t<div class=\"elementor-widget-container\">\n\t\t\t\t\t<h2 class=\"elementor-heading-title elementor-size-default\">Tarifs des massage corps a corps\n\n\n<\/h2>\t\t\t\t<\/div>\n\t\t\t\t<\/div>\n\t\t\t\t<div class=\"elementor-element elementor-element-56d0916 elementor-widget elementor-widget-price-list\" data-id=\"56d0916\" data-element_type=\"widget\" data-e-type=\"widget\" data-widget_type=\"price-list.default\">\n\t\t\t\t<div class=\"elementor-widget-container\">\n\t\t\t\t\t\n\t\t<ul class=\"elementor-price-list\">\n\n\t\t\t\t\t\t\t\t\t<li><a class=\"elementor-price-list-item\" href=\"#\">\t\t\t\t\n\t\t\t\t<div class=\"elementor-price-list-text\">\n\t\t\t\t\t\t\t\t\t<div class=\"elementor-price-list-header\">\n\t\t\t\t\t\t\t\t\t\t\t<span class=\"elementor-price-list-title\">\n\t\t\t\t\t\t\tMassage corps a corps  \/ 30min\t\t\t\t\t\t<\/span>\n\t\t\t\t\t\t\t\t\t\t\t\t\t\t\t\t\t\t<span class=\"elementor-price-list-separator\"><\/span>\n\t\t\t\t\t\t\t\t\t\t\t\t\t\t\t\t\t\t\t<span class=\"elementor-price-list-price\">600 DH<\/span>\n\t\t\t\t\t\t\t\t\t\t<\/div>\n\t\t\t\t\t\t\t\t\t\t\t\t<\/div>\n\t\t\t\t<\/a><\/li>\t\t\t\t\t\t\t\t\t\t\t\t<li><a class=\"elementor-price-list-item\" href=\"#\">\t\t\t\t\n\t\t\t\t<div class=\"elementor-price-list-text\">\n\t\t\t\t\t\t\t\t\t<div class=\"elementor-price-list-header\">\n\t\t\t\t\t\t\t\t\t\t\t<span class=\"elementor-price-list-title\">\n\t\t\t\t\t\t\tMassage corps a corps  \/ 60min\t\t\t\t\t\t<\/span>\n\t\t\t\t\t\t\t\t\t\t\t\t\t\t\t\t\t\t<span class=\"elementor-price-list-separator\"><\/span>\n\t\t\t\t\t\t\t\t\t\t\t\t\t\t\t\t\t\t\t<span class=\"elementor-price-list-price\">900 DH<\/span>\n\t\t\t\t\t\t\t\t\t\t<\/div>\n\t\t\t\t\t\t\t\t\t\t\t\t<\/div>\n\t\t\t\t<\/a><\/li>\t\t\t\t\t\t\t\t\t\t\t\t<li><a class=\"elementor-price-list-item\" href=\"#\">\t\t\t\t\n\t\t\t\t<div class=\"elementor-price-list-text\">\n\t\t\t\t\t\t\t\t\t<div class=\"elementor-price-list-header\">\n\t\t\t\t\t\t\t\t\t\t\t<span class=\"elementor-price-list-title\">\n\t\t\t\t\t\t\tMassage corps a corps  \/ 90min\t\t\t\t\t\t<\/span>\n\t\t\t\t\t\t\t\t\t\t\t\t\t\t\t\t\t\t<span class=\"elementor-price-list-separator\"><\/span>\n\t\t\t\t\t\t\t\t\t\t\t\t\t\t\t\t\t\t\t<span class=\"elementor-price-list-price\">1200 DH<\/span>\n\t\t\t\t\t\t\t\t\t\t<\/div>\n\t\t\t\t\t\t\t\t\t\t\t\t<\/div>\n\t\t\t\t<\/a><\/li>\t\t\t\t\t\n\t\t<\/ul>\n\n\t\t\t\t\t\t<\/div>\n\t\t\t\t<\/div>\n\t\t\t\t\t<\/div>\n\t\t<\/div>\n\t\t\t\t\t<\/div>\n\t\t<\/section>\n\t\t\t\t<section class=\"elementor-section elementor-top-section elementor-element elementor-element-7fb8e464 elementor-section-boxed elementor-section-height-default elementor-section-height-default\" data-id=\"7fb8e464\" data-element_type=\"section\" data-e-type=\"section\" data-settings=\"{&quot;background_background&quot;:&quot;classic&quot;}\">\n\t\t\t\t\t\t<div class=\"elementor-container elementor-column-gap-default\">\n\t\t\t\t\t<div class=\"elementor-column elementor-col-33 elementor-top-column elementor-element elementor-element-77630d42\" data-id=\"77630d42\" data-element_type=\"column\" data-e-type=\"column\">\n\t\t\t<div class=\"elementor-widget-wrap elementor-element-populated\">\n\t\t\t\t\t\t<div class=\"elementor-element elementor-element-37ef04b4 elementor-widget elementor-widget-google_maps\" data-id=\"37ef04b4\" data-element_type=\"widget\" data-e-type=\"widget\" data-widget_type=\"google_maps.default\">\n\t\t\t\t<div class=\"elementor-widget-container\">\n\t\t\t\t\t\t\t<div class=\"elementor-custom-embed\">\n\t\t\t<iframe loading=\"lazy\"\n\t\t\t\t\tsrc=\"https:\/\/maps.google.com\/maps?q=Salam%20%2C%20Agadir%2080000&#038;t=m&#038;z=10&#038;output=embed&#038;iwloc=near\"\n\t\t\t\t\ttitle=\"Salam , Agadir 80000\"\n\t\t\t\t\taria-label=\"Salam , Agadir 80000\"\n\t\t\t><\/iframe>\n\t\t<\/div>\n\t\t\t\t\t\t<\/div>\n\t\t\t\t<\/div>\n\t\t\t\t<div class=\"elementor-element elementor-element-2897325b elementor-widget elementor-widget-text-editor\" data-id=\"2897325b\" data-element_type=\"widget\" data-e-type=\"widget\" data-widget_type=\"text-editor.default\">\n\t\t\t\t<div class=\"elementor-widget-container\">\n\t\t\t\t\t\t\t\t\t<p>Tel : 0776638734<\/p><p>Email: Contact@spaagadir.com<\/p><p>Address : Salam , Agadir 80000<\/p>\t\t\t\t\t\t\t\t<\/div>\n\t\t\t\t<\/div>\n\t\t\t\t\t<\/div>\n\t\t<\/div>\n\t\t\t\t<div class=\"elementor-column elementor-col-66 elementor-top-column elementor-element elementor-element-192c2f46\" data-id=\"192c2f46\" data-element_type=\"column\" data-e-type=\"column\">\n\t\t\t<div class=\"elementor-widget-wrap elementor-element-populated\">\n\t\t\t\t\t\t<div class=\"elementor-element elementor-element-4f934a2c elementor-widget elementor-widget-heading\" data-id=\"4f934a2c\" data-element_type=\"widget\" data-e-type=\"widget\" data-widget_type=\"heading.default\">\n\t\t\t\t<div class=\"elementor-widget-container\">\n\t\t\t\t\t<h4 class=\"elementor-heading-title elementor-size-default\">Faire une r\u00e9servation<\/h4>\t\t\t\t<\/div>\n\t\t\t\t<\/div>\n\t\t\t\t<div class=\"elementor-element elementor-element-4d656ad6 elementor-button-align-start elementor-mobile-button-align-center elementor-widget elementor-widget-form\" data-id=\"4d656ad6\" data-element_type=\"widget\" data-e-type=\"widget\" data-settings=\"{&quot;step_next_label&quot;:&quot;Next&quot;,&quot;step_previous_label&quot;:&quot;Previous&quot;,&quot;button_width&quot;:&quot;100&quot;,&quot;step_type&quot;:&quot;number_text&quot;,&quot;step_icon_shape&quot;:&quot;circle&quot;}\" data-widget_type=\"form.default\">\n\t\t\t\t<div class=\"elementor-widget-container\">\n\t\t\t\t\t\t\t<form class=\"elementor-form\" method=\"post\" name=\"Home form\">\n\t\t\t<input type=\"hidden\" name=\"post_id\" value=\"532\"\/>\n\t\t\t<input type=\"hidden\" name=\"form_id\" value=\"4d656ad6\"\/>\n\t\t\t<input type=\"hidden\" name=\"referer_title\" value=\"\" \/>\n\n\t\t\t\n\t\t\t<div class=\"elementor-form-fields-wrapper elementor-labels-above\">\n\t\t\t\t\t\t\t\t<div class=\"elementor-field-type-text elementor-field-group elementor-column elementor-field-group-name elementor-col-100\">\n\t\t\t\t\t\t\t\t\t\t\t\t<label for=\"form-field-name\" class=\"elementor-field-label\">\n\t\t\t\t\t\t\t\tVotre e-mail\t\t\t\t\t\t\t<\/label>\n\t\t\t\t\t\t\t\t\t\t\t\t\t\t<input size=\"1\" type=\"text\" name=\"form_fields[name]\" id=\"form-field-name\" class=\"elementor-field elementor-size-sm  elementor-field-textual\" placeholder=\"Contact@company.com\">\n\t\t\t\t\t\t\t\t\t\t\t<\/div>\n\t\t\t\t\t\t\t\t<div class=\"elementor-field-type-email elementor-field-group elementor-column elementor-field-group-email elementor-col-50 elementor-field-required\">\n\t\t\t\t\t\t\t\t\t\t\t\t<label for=\"form-field-email\" class=\"elementor-field-label\">\n\t\t\t\t\t\t\t\tPr\u00e9nom\t\t\t\t\t\t\t<\/label>\n\t\t\t\t\t\t\t\t\t\t\t\t\t\t<input size=\"1\" type=\"email\" name=\"form_fields[email]\" id=\"form-field-email\" class=\"elementor-field elementor-size-sm  elementor-field-textual\" placeholder=\"John \" required=\"required\">\n\t\t\t\t\t\t\t\t\t\t\t<\/div>\n\t\t\t\t\t\t\t\t<div class=\"elementor-field-type-text elementor-field-group elementor-column elementor-field-group-04fbb9f elementor-col-50 elementor-field-required\">\n\t\t\t\t\t\t\t\t\t\t\t\t<label for=\"form-field-04fbb9f\" class=\"elementor-field-label\">\n\t\t\t\t\t\t\t\tNom de famille\t\t\t\t\t\t\t<\/label>\n\t\t\t\t\t\t\t\t\t\t\t\t\t\t<input size=\"1\" type=\"text\" name=\"form_fields[04fbb9f]\" id=\"form-field-04fbb9f\" class=\"elementor-field elementor-size-sm  elementor-field-textual\" placeholder=\"Doe\" required=\"required\">\n\t\t\t\t\t\t\t\t\t\t\t<\/div>\n\t\t\t\t\t\t\t\t<div class=\"elementor-field-type-textarea elementor-field-group elementor-column elementor-field-group-field_9469674 elementor-col-100\">\n\t\t\t\t\t\t\t\t\t\t\t\t<label for=\"form-field-field_9469674\" class=\"elementor-field-label\">\n\t\t\t\t\t\t\t\tObjet\t\t\t\t\t\t\t<\/label>\n\t\t\t\t\t\t<textarea class=\"elementor-field-textual elementor-field  elementor-size-sm\" name=\"form_fields[field_9469674]\" id=\"form-field-field_9469674\" rows=\"4\"><\/textarea>\t\t\t\t<\/div>\n\t\t\t\t\t\t\t\t<div class=\"elementor-field-group elementor-column elementor-field-type-submit elementor-col-100 e-form__buttons\">\n\t\t\t\t\t<button class=\"elementor-button elementor-size-md\" type=\"submit\">\n\t\t\t\t\t\t<span class=\"elementor-button-content-wrapper\">\n\t\t\t\t\t\t\t\t\t\t\t\t\t\t\t<span class=\"elementor-button-icon\">\n\t\t\t\t\t\t\t\t\t<i aria-hidden=\"true\" class=\"far fa-arrow-alt-circle-right\"><\/i>\t\t\t\t\t\t\t\t\t\t\t\t\t\t\t\t\t<\/span>\n\t\t\t\t\t\t\t\t\t\t\t\t\t\t\t\t\t\t\t\t\t\t<span class=\"elementor-button-text\">R\u00e9serve<\/span>\n\t\t\t\t\t\t\t\t\t\t\t\t\t<\/span>\n\t\t\t\t\t<\/button>\n\t\t\t\t<\/div>\n\t\t\t<\/div>\n\t\t<\/form>\n\t\t\t\t\t\t<\/div>\n\t\t\t\t<\/div>\n\t\t\t\t\t<\/div>\n\t\t<\/div>\n\t\t\t\t\t<\/div>\n\t\t<\/section>\n\t\t\t\t<\/div>\n\t\t","protected":false},"excerpt":{"rendered":"<p>Massage Corps a Corps Agadir Le massage corps \u00e0 corps\u00a0 est une technique de massage qui implique une interaction physique entre le masseur et le client. Contrairement aux autres types de massage o\u00f9 le masseur utilise uniquement ses mains pour masser le corps, le massage corps \u00e0 corps utilise \u00e9galement d&rsquo;autres parties du corps, telles [&hellip;]<\/p>\n","protected":false},"author":1,"featured_media":0,"parent":0,"menu_order":0,"comment_status":"closed","ping_status":"closed","template":"","meta":{"_joinchat":[],"footnotes":""},"class_list":["post-532","page","type-page","status-publish","hentry"],"_links":{"self":[{"href":"https:\/\/spaagadir.com\/en\/wp-json\/wp\/v2\/pages\/532","targetHints":{"allow":["GET"]}}],"collection":[{"href":"https:\/\/spaagadir.com\/en\/wp-json\/wp\/v2\/pages"}],"about":[{"href":"https:\/\/spaagadir.com\/en\/wp-json\/wp\/v2\/types\/page"}],"author":[{"embeddable":true,"href":"https:\/\/spaagadir.com\/en\/wp-json\/wp\/v2\/users\/1"}],"replies":[{"embeddable":true,"href":"https:\/\/spaagadir.com\/en\/wp-json\/wp\/v2\/comments?post=532"}],"version-history":[{"count":35,"href":"https:\/\/spaagadir.com\/en\/wp-json\/wp\/v2\/pages\/532\/revisions"}],"predecessor-version":[{"id":1190,"href":"https:\/\/spaagadir.com\/en\/wp-json\/wp\/v2\/pages\/532\/revisions\/1190"}],"wp:attachment":[{"href":"https:\/\/spaagadir.com\/en\/wp-json\/wp\/v2\/media?parent=532"}],"curies":[{"name":"wp","href":"https:\/\/api.w.org\/{rel}","templated":true}]}}