{"id":633,"date":"2023-05-28T14:36:26","date_gmt":"2023-05-28T13:36:26","guid":{"rendered":"https:\/\/spaagadir.com\/?page_id=633"},"modified":"2023-06-15T14:15:11","modified_gmt":"2023-06-15T13:15:11","slug":"traditional-hammam-agadir","status":"publish","type":"page","link":"https:\/\/spaagadir.com\/en\/traditional-hammam-agadir\/","title":{"rendered":"Traditional Hammam Agadir\u00a0"},"content":{"rendered":"\t\t<div data-elementor-type=\"wp-page\" data-elementor-id=\"633\" class=\"elementor elementor-633\" data-elementor-post-type=\"page\">\n\t\t\t\t\t\t<section class=\"elementor-section elementor-top-section elementor-element elementor-element-2d08086 elementor-section-boxed elementor-section-height-default elementor-section-height-default\" data-id=\"2d08086\" data-element_type=\"section\" data-e-type=\"section\" data-settings=\"{&quot;background_background&quot;:&quot;classic&quot;}\">\n\t\t\t\t\t\t\t<div class=\"elementor-background-overlay\"><\/div>\n\t\t\t\t\t\t\t<div class=\"elementor-container elementor-column-gap-default\">\n\t\t\t\t\t<div class=\"elementor-column elementor-col-100 elementor-top-column elementor-element elementor-element-94d1cf3\" data-id=\"94d1cf3\" data-element_type=\"column\" data-e-type=\"column\">\n\t\t\t<div class=\"elementor-widget-wrap elementor-element-populated\">\n\t\t\t\t\t\t<div class=\"elementor-element elementor-element-4d5fedd elementor-widget elementor-widget-heading\" data-id=\"4d5fedd\" data-element_type=\"widget\" data-e-type=\"widget\" data-widget_type=\"heading.default\">\n\t\t\t\t<div class=\"elementor-widget-container\">\n\t\t\t\t\t<h1 class=\"elementor-heading-title elementor-size-default\">Traditional Hammam  Agadir <\/h1>\t\t\t\t<\/div>\n\t\t\t\t<\/div>\n\t\t\t\t\t<\/div>\n\t\t<\/div>\n\t\t\t\t\t<\/div>\n\t\t<\/section>\n\t\t\t\t<section class=\"elementor-section elementor-top-section elementor-element elementor-element-5103216 elementor-section-boxed elementor-section-height-default elementor-section-height-default\" data-id=\"5103216\" data-element_type=\"section\" data-e-type=\"section\" data-settings=\"{&quot;background_background&quot;:&quot;classic&quot;}\">\n\t\t\t\t\t\t<div class=\"elementor-container elementor-column-gap-default\">\n\t\t\t\t\t<div class=\"elementor-column elementor-col-100 elementor-top-column elementor-element elementor-element-84bee66\" data-id=\"84bee66\" data-element_type=\"column\" data-e-type=\"column\">\n\t\t\t<div class=\"elementor-widget-wrap elementor-element-populated\">\n\t\t\t\t\t\t<section class=\"elementor-section elementor-inner-section elementor-element elementor-element-fa06186 elementor-section-boxed elementor-section-height-default elementor-section-height-default\" data-id=\"fa06186\" data-element_type=\"section\" data-e-type=\"section\">\n\t\t\t\t\t\t<div class=\"elementor-container elementor-column-gap-default\">\n\t\t\t\t\t<div class=\"elementor-column elementor-col-50 elementor-inner-column elementor-element elementor-element-24c81af\" data-id=\"24c81af\" data-element_type=\"column\" data-e-type=\"column\">\n\t\t\t<div class=\"elementor-widget-wrap elementor-element-populated\">\n\t\t\t\t\t\t<div class=\"elementor-element elementor-element-f5bd1a6 elementor-widget elementor-widget-heading\" data-id=\"f5bd1a6\" data-element_type=\"widget\" data-e-type=\"widget\" data-widget_type=\"heading.default\">\n\t\t\t\t<div class=\"elementor-widget-container\">\n\t\t\t\t\t<h2 class=\"elementor-heading-title elementor-size-default\">Exp\u00e9rience Traditional Hammam  Agadir <\/h2>\t\t\t\t<\/div>\n\t\t\t\t<\/div>\n\t\t\t\t<div class=\"elementor-element elementor-element-26b119c elementor-widget-divider--view-line_icon elementor-view-default elementor-widget-divider--element-align-center elementor-widget elementor-widget-divider\" data-id=\"26b119c\" data-element_type=\"widget\" data-e-type=\"widget\" data-widget_type=\"divider.default\">\n\t\t\t\t<div class=\"elementor-widget-container\">\n\t\t\t\t\t\t\t<div class=\"elementor-divider\">\n\t\t\t<span class=\"elementor-divider-separator\">\n\t\t\t\t\t\t\t<div class=\"elementor-icon elementor-divider__element\">\n\t\t\t\t\t<i aria-hidden=\"true\" class=\"fas fa-spa\"><\/i><\/div>\n\t\t\t\t\t\t<\/span>\n\t\t<\/div>\n\t\t\t\t\t\t<\/div>\n\t\t\t\t<\/div>\n\t\t\t\t<div class=\"elementor-element elementor-element-5f067d6 elementor-widget elementor-widget-text-editor\" data-id=\"5f067d6\" data-element_type=\"widget\" data-e-type=\"widget\" data-widget_type=\"text-editor.default\">\n\t\t\t\t<div class=\"elementor-widget-container\">\n\t\t\t\t\t\t\t\t\t<p>Si vous recherchez une e<strong>xp\u00e9rience marocaine<\/strong> unique et authentique lors de votre voyage \u00e0 <a href=\"https:\/\/en.wikipedia.org\/wiki\/Agadir\" target=\"_blank\" rel=\"nofollow noopener\">Agadir<\/a>, je vous recommande vivement d&rsquo;essayer notr<a href=\"https:\/\/spaagadir.com\/traditional-hammam-agadir\/\">e hammam traditionnel au spa Agadir<\/a>. Notre hammam est con\u00e7u pour offrir aux visiteurs une exp\u00e9rience authentique et luxueuse qui les laissera se sentir rajeunis et d\u00e9tendus.<\/p><p>Dans notre spa, nous proposons des sections s\u00e9par\u00e9es pour les hommes et les femmes, afin que vous puissiez vous sentir \u00e0 l&rsquo;aise dans votre propre espace tout en profitant du <strong>rituel du hammam<\/strong>. Nos pr\u00e9pos\u00e9s exp\u00e9riment\u00e9s et professionnels vous guideront tout au long du processus, du gommage et de l&rsquo;exfoliation initiaux au hammam relaxant.<\/p><p>En plus du <strong>hammam traditionnel<\/strong>, nous proposons \u00e9galement une gamme de soins, tels que des <strong>massages, des soins du visage et des enveloppements corporels<\/strong>, pour compl\u00e9ter votre exp\u00e9rience de spa. Notre spa n&rsquo;utilise que les meilleurs produits pour vous garantir un traitement de la plus haute qualit\u00e9 possible.<\/p><p>Alors, que vous cherchiez \u00e0 vous faire dorloter ou que vous vouliez simplement vivre quelque chose de nouveau et d&rsquo;authentique lors de votre s\u00e9jour \u00e0 Agadir, notre<strong> hammam<\/strong> traditionnel de notre spa est le choix parfait. Nous vous garantissons que vous repartirez revigor\u00e9, revitalis\u00e9 et pr\u00eat \u00e0 affronter le reste de votre journ\u00e9e.<\/p>\t\t\t\t\t\t\t\t<\/div>\n\t\t\t\t<\/div>\n\t\t\t\t\t<\/div>\n\t\t<\/div>\n\t\t\t\t<div class=\"elementor-column elementor-col-50 elementor-inner-column elementor-element elementor-element-764a1ed\" data-id=\"764a1ed\" data-element_type=\"column\" data-e-type=\"column\">\n\t\t\t<div class=\"elementor-widget-wrap elementor-element-populated\">\n\t\t\t\t\t\t<div class=\"elementor-element elementor-element-02c6404 elementor-widget__width-initial elementor-widget elementor-widget-image\" data-id=\"02c6404\" data-element_type=\"widget\" data-e-type=\"widget\" data-widget_type=\"image.default\">\n\t\t\t\t<div class=\"elementor-widget-container\">\n\t\t\t\t\t\t\t\t\t\t\t\t\t\t\t<img fetchpriority=\"high\" decoding=\"async\" width=\"800\" height=\"532\" src=\"https:\/\/spaagadir.com\/wp-content\/uploads\/2023\/05\/moroccan_hammam_royal.jpg\" class=\"attachment-large size-large wp-image-390\" alt=\"hammam turc agadir\" srcset=\"https:\/\/spaagadir.com\/wp-content\/uploads\/2023\/05\/moroccan_hammam_royal.jpg 1024w, https:\/\/spaagadir.com\/wp-content\/uploads\/2023\/05\/moroccan_hammam_royal-300x200.jpg 300w, https:\/\/spaagadir.com\/wp-content\/uploads\/2023\/05\/moroccan_hammam_royal-768x511.jpg 768w\" sizes=\"(max-width: 800px) 100vw, 800px\" \/>\t\t\t\t\t\t\t\t\t\t\t\t\t\t\t<\/div>\n\t\t\t\t<\/div>\n\t\t\t\t<div class=\"elementor-element elementor-element-65e13c7 elementor-widget__width-initial elementor-widget elementor-widget-image\" data-id=\"65e13c7\" data-element_type=\"widget\" data-e-type=\"widget\" data-widget_type=\"image.default\">\n\t\t\t\t<div class=\"elementor-widget-container\">\n\t\t\t\t\t\t\t\t\t\t\t\t\t\t\t<img decoding=\"async\" width=\"500\" height=\"400\" src=\"https:\/\/spaagadir.com\/wp-content\/uploads\/2023\/05\/hammam-sauna-spa-agadir.jpg\" class=\"attachment-large size-large wp-image-594\" alt=\"Meilleur Hammam Agadir\" srcset=\"https:\/\/spaagadir.com\/wp-content\/uploads\/2023\/05\/hammam-sauna-spa-agadir.jpg 500w, https:\/\/spaagadir.com\/wp-content\/uploads\/2023\/05\/hammam-sauna-spa-agadir-300x240.jpg 300w\" sizes=\"(max-width: 500px) 100vw, 500px\" \/>\t\t\t\t\t\t\t\t\t\t\t\t\t\t\t<\/div>\n\t\t\t\t<\/div>\n\t\t\t\t\t<\/div>\n\t\t<\/div>\n\t\t\t\t\t<\/div>\n\t\t<\/section>\n\t\t\t\t\t<\/div>\n\t\t<\/div>\n\t\t\t\t\t<\/div>\n\t\t<\/section>\n\t\t\t\t<section class=\"elementor-section elementor-top-section elementor-element elementor-element-6ffca8d elementor-section-boxed elementor-section-height-default elementor-section-height-default\" data-id=\"6ffca8d\" data-element_type=\"section\" data-e-type=\"section\" data-settings=\"{&quot;background_background&quot;:&quot;classic&quot;}\">\n\t\t\t\t\t\t<div class=\"elementor-container elementor-column-gap-default\">\n\t\t\t\t\t<div class=\"elementor-column elementor-col-100 elementor-top-column elementor-element elementor-element-bb1d710\" data-id=\"bb1d710\" data-element_type=\"column\" data-e-type=\"column\">\n\t\t\t<div class=\"elementor-widget-wrap elementor-element-populated\">\n\t\t\t\t\t\t<div class=\"elementor-element elementor-element-b5f52e9 elementor-widget elementor-widget-heading\" data-id=\"b5f52e9\" data-element_type=\"widget\" data-e-type=\"widget\" data-widget_type=\"heading.default\">\n\t\t\t\t<div class=\"elementor-widget-container\">\n\t\t\t\t\t<h2 class=\"elementor-heading-title elementor-size-default\">Bienfaits du Hammam Traditionnel Agadir<\/h2>\t\t\t\t<\/div>\n\t\t\t\t<\/div>\n\t\t\t\t<div class=\"elementor-element elementor-element-83d8378 elementor-widget elementor-widget-text-editor\" data-id=\"83d8378\" data-element_type=\"widget\" data-e-type=\"widget\" data-widget_type=\"text-editor.default\">\n\t\t\t\t<div class=\"elementor-widget-container\">\n\t\t\t\t\t\t\t\t\t<p>Hammam traditionnel Agadir, \u00e9galement connu sous le nom de hammam marocain, est un rituel de bain et de nettoyage populaire qui offre divers avantages pour le bien-\u00eatre physique et mental. Voici quelques-uns des avantages de faire l&rsquo;exp\u00e9rience d&rsquo;un hammam traditionnel \u00e0 Agadir :<\/p><p><strong>Nettoyage en profondeur<\/strong> : Le hammam comprend une s\u00e9rie de rituels de nettoyage qui nettoient et exfolient la peau en profondeur. Le processus commence g\u00e9n\u00e9ralement par une s\u00e9ance de vapeur, qui aide \u00e0 ouvrir les pores et \u00e0 adoucir la peau. Vient ensuite l&rsquo;application de savon noir, un nettoyant naturel \u00e0 base d&rsquo;huile d&rsquo;olive, qui aide \u00e0 \u00e9liminer la salet\u00e9, les impuret\u00e9s et les cellules mortes de la peau, laissant la peau rafra\u00eechie et rajeunie.<\/p><p><strong>Rajeunissement de la peau<\/strong> : Le processus d&rsquo;exfoliation dans le hammam aide \u00e0 am\u00e9liorer la circulation sanguine et \u00e0 stimuler la croissance de nouvelles cellules cutan\u00e9es. En cons\u00e9quence, la peau devient plus lisse, plus douce et plus \u00e9clatante. Des s\u00e9ances de hammam r\u00e9guli\u00e8res peuvent contribuer \u00e0 un teint plus sain et r\u00e9duire l&rsquo;apparence des imperfections, des cicatrices et du teint irr\u00e9gulier.<\/p><p><strong>D\u00e9toxification<\/strong> : La vapeur et la chaleur du hammam favorisent la transpiration, ce qui aide \u00e0 l&rsquo;\u00e9limination des toxines du corps. La transpiration aide \u00e0 nettoyer les pores et \u00e0 \u00e9liminer les impuret\u00e9s, vous procurant une sensation de d\u00e9toxification et de bien-\u00eatre g\u00e9n\u00e9ral.<\/p><p><strong>Soulagement du stress<\/strong> : L&rsquo;environnement relaxant et tranquille d&rsquo;un hammam traditionnel offre une \u00e9vasion apaisante des facteurs de stress quotidiens. La vapeur chaude, les massages doux et les parfums aromatiques cr\u00e9ent une atmosph\u00e8re sereine qui favorise la relaxation, r\u00e9duit la tension musculaire et soulage le stress mental. Cela peut \u00eatre une exp\u00e9rience th\u00e9rapeutique qui vous aide \u00e0 vous d\u00e9tendre et \u00e0 vous ressourcer physiquement et mentalement.<\/p><p><strong>Am\u00e9lioration de la sant\u00e9 respiratoire<\/strong> : La vapeur du hammam peut avoir un effet b\u00e9n\u00e9fique sur le syst\u00e8me respiratoire. L&rsquo;inhalation d&rsquo;air chaud et humide peut aider \u00e0 soulager la congestion, \u00e0 d\u00e9gager les sinus et \u00e0 soulager les affections respiratoires telles que l&rsquo;asthme, la bronchite et les allergies.<\/p><p>\u00a0<\/p><p>Dans l&rsquo;ensemble, une exp\u00e9rience de hammam traditionnel \u00e0 Agadir offre une approche holistique du bien-\u00eatre, combinant des avantages physiques, mentaux et esth\u00e9tiques. Il offre une exp\u00e9rience culturelle unique et une opportunit\u00e9 de vous immerger dans les riches traditions et rituels des pratiques de bain marocaines.<\/p>\t\t\t\t\t\t\t\t<\/div>\n\t\t\t\t<\/div>\n\t\t\t\t<div class=\"elementor-element elementor-element-ad6d5af elementor-align-center elementor-widget elementor-widget-button\" data-id=\"ad6d5af\" data-element_type=\"widget\" data-e-type=\"widget\" data-widget_type=\"button.default\">\n\t\t\t\t<div class=\"elementor-widget-container\">\n\t\t\t\t\t\t\t\t\t<div class=\"elementor-button-wrapper\">\n\t\t\t\t\t<a class=\"elementor-button elementor-button-link elementor-size-sm\" href=\"https:\/\/spaagadir.com\/contact\/\">\n\t\t\t\t\t\t<span class=\"elementor-button-content-wrapper\">\n\t\t\t\t\t\t\t\t\t<span class=\"elementor-button-text\">Prenez Rendez-Vous<\/span>\n\t\t\t\t\t<\/span>\n\t\t\t\t\t<\/a>\n\t\t\t\t<\/div>\n\t\t\t\t\t\t\t\t<\/div>\n\t\t\t\t<\/div>\n\t\t\t\t\t<\/div>\n\t\t<\/div>\n\t\t\t\t\t<\/div>\n\t\t<\/section>\n\t\t\t\t<section class=\"elementor-section elementor-top-section elementor-element elementor-element-8a2615a elementor-section-boxed elementor-section-height-default elementor-section-height-default\" data-id=\"8a2615a\" data-element_type=\"section\" data-e-type=\"section\" data-settings=\"{&quot;background_background&quot;:&quot;classic&quot;}\">\n\t\t\t\t\t\t<div class=\"elementor-container elementor-column-gap-default\">\n\t\t\t\t\t<div class=\"elementor-column elementor-col-100 elementor-top-column elementor-element elementor-element-24646db\" data-id=\"24646db\" data-element_type=\"column\" data-e-type=\"column\">\n\t\t\t<div class=\"elementor-widget-wrap elementor-element-populated\">\n\t\t\t\t\t\t<div class=\"elementor-element elementor-element-0a059f1 elementor-widget elementor-widget-heading\" data-id=\"0a059f1\" data-element_type=\"widget\" data-e-type=\"widget\" data-widget_type=\"heading.default\">\n\t\t\t\t<div class=\"elementor-widget-container\">\n\t\t\t\t\t<h2 class=\"elementor-heading-title elementor-size-default\">Tarifs de Hammam Traditional<\/h2>\t\t\t\t<\/div>\n\t\t\t\t<\/div>\n\t\t\t\t<div class=\"elementor-element elementor-element-56d0916 elementor-widget elementor-widget-price-list\" data-id=\"56d0916\" data-element_type=\"widget\" data-e-type=\"widget\" data-widget_type=\"price-list.default\">\n\t\t\t\t<div class=\"elementor-widget-container\">\n\t\t\t\t\t\n\t\t<ul class=\"elementor-price-list\">\n\n\t\t\t\t\t\t\t\t\t<li><a class=\"elementor-price-list-item\" href=\"#\">\t\t\t\t\n\t\t\t\t<div class=\"elementor-price-list-text\">\n\t\t\t\t\t\t\t\t\t<div class=\"elementor-price-list-header\">\n\t\t\t\t\t\t\t\t\t\t\t<span class=\"elementor-price-list-title\">\n\t\t\t\t\t\t\tTraditional Hammam \/ 30min\t\t\t\t\t\t<\/span>\n\t\t\t\t\t\t\t\t\t\t\t\t\t\t\t\t\t\t<span class=\"elementor-price-list-separator\"><\/span>\n\t\t\t\t\t\t\t\t\t\t\t\t\t\t\t\t\t\t\t<span class=\"elementor-price-list-price\">150 DH<\/span>\n\t\t\t\t\t\t\t\t\t\t<\/div>\n\t\t\t\t\t\t\t\t\t\t\t\t<\/div>\n\t\t\t\t<\/a><\/li>\t\t\t\t\t\t\t\t\t\t\t\t<li><a class=\"elementor-price-list-item\" href=\"#\">\t\t\t\t\n\t\t\t\t<div class=\"elementor-price-list-text\">\n\t\t\t\t\t\t\t\t\t<div class=\"elementor-price-list-header\">\n\t\t\t\t\t\t\t\t\t\t\t<span class=\"elementor-price-list-title\">\n\t\t\t\t\t\t\tTraditional Hammam  \/ 60min\t\t\t\t\t\t<\/span>\n\t\t\t\t\t\t\t\t\t\t\t\t\t\t\t\t\t\t<span class=\"elementor-price-list-separator\"><\/span>\n\t\t\t\t\t\t\t\t\t\t\t\t\t\t\t\t\t\t\t<span class=\"elementor-price-list-price\">300 DH<\/span>\n\t\t\t\t\t\t\t\t\t\t<\/div>\n\t\t\t\t\t\t\t\t\t\t\t\t<\/div>\n\t\t\t\t<\/a><\/li>\t\t\t\t\t\t\t\t\t\t\t\t<li><a class=\"elementor-price-list-item\" href=\"#\">\t\t\t\t\n\t\t\t\t<div class=\"elementor-price-list-text\">\n\t\t\t\t\t\t\t\t\t<div class=\"elementor-price-list-header\">\n\t\t\t\t\t\t\t\t\t\t\t<span class=\"elementor-price-list-title\">\n\t\t\t\t\t\t\tTraditional Hammam  \/ 90min\t\t\t\t\t\t<\/span>\n\t\t\t\t\t\t\t\t\t\t\t\t\t\t\t\t\t\t<span class=\"elementor-price-list-separator\"><\/span>\n\t\t\t\t\t\t\t\t\t\t\t\t\t\t\t\t\t\t\t<span class=\"elementor-price-list-price\">400 DH<\/span>\n\t\t\t\t\t\t\t\t\t\t<\/div>\n\t\t\t\t\t\t\t\t\t\t\t\t<\/div>\n\t\t\t\t<\/a><\/li>\t\t\t\t\t\n\t\t<\/ul>\n\n\t\t\t\t\t\t<\/div>\n\t\t\t\t<\/div>\n\t\t\t\t\t<\/div>\n\t\t<\/div>\n\t\t\t\t\t<\/div>\n\t\t<\/section>\n\t\t\t\t<section class=\"elementor-section elementor-top-section elementor-element elementor-element-7fb8e464 elementor-section-boxed elementor-section-height-default elementor-section-height-default\" data-id=\"7fb8e464\" data-element_type=\"section\" data-e-type=\"section\" data-settings=\"{&quot;background_background&quot;:&quot;classic&quot;}\">\n\t\t\t\t\t\t<div class=\"elementor-container elementor-column-gap-default\">\n\t\t\t\t\t<div class=\"elementor-column elementor-col-33 elementor-top-column elementor-element elementor-element-77630d42\" data-id=\"77630d42\" data-element_type=\"column\" data-e-type=\"column\">\n\t\t\t<div class=\"elementor-widget-wrap elementor-element-populated\">\n\t\t\t\t\t\t<div class=\"elementor-element elementor-element-37ef04b4 elementor-widget elementor-widget-google_maps\" data-id=\"37ef04b4\" data-element_type=\"widget\" data-e-type=\"widget\" data-widget_type=\"google_maps.default\">\n\t\t\t\t<div class=\"elementor-widget-container\">\n\t\t\t\t\t\t\t<div class=\"elementor-custom-embed\">\n\t\t\t<iframe loading=\"lazy\"\n\t\t\t\t\tsrc=\"https:\/\/maps.google.com\/maps?q=Salam%20%2C%20Agadir%2080000&#038;t=m&#038;z=10&#038;output=embed&#038;iwloc=near\"\n\t\t\t\t\ttitle=\"Salam , Agadir 80000\"\n\t\t\t\t\taria-label=\"Salam , Agadir 80000\"\n\t\t\t><\/iframe>\n\t\t<\/div>\n\t\t\t\t\t\t<\/div>\n\t\t\t\t<\/div>\n\t\t\t\t<div class=\"elementor-element elementor-element-2897325b elementor-widget elementor-widget-text-editor\" data-id=\"2897325b\" data-element_type=\"widget\" data-e-type=\"widget\" data-widget_type=\"text-editor.default\">\n\t\t\t\t<div class=\"elementor-widget-container\">\n\t\t\t\t\t\t\t\t\t<p>Tel : 0776638734<\/p><p>Email: Contact@spaagadir.com<\/p><p>Address : Salam , Agadir 80000<\/p>\t\t\t\t\t\t\t\t<\/div>\n\t\t\t\t<\/div>\n\t\t\t\t\t<\/div>\n\t\t<\/div>\n\t\t\t\t<div class=\"elementor-column elementor-col-66 elementor-top-column elementor-element elementor-element-192c2f46\" data-id=\"192c2f46\" data-element_type=\"column\" data-e-type=\"column\">\n\t\t\t<div class=\"elementor-widget-wrap elementor-element-populated\">\n\t\t\t\t\t\t<div class=\"elementor-element elementor-element-4f934a2c elementor-widget elementor-widget-heading\" data-id=\"4f934a2c\" data-element_type=\"widget\" data-e-type=\"widget\" data-widget_type=\"heading.default\">\n\t\t\t\t<div class=\"elementor-widget-container\">\n\t\t\t\t\t<h4 class=\"elementor-heading-title elementor-size-default\">Faire une r\u00e9servation<\/h4>\t\t\t\t<\/div>\n\t\t\t\t<\/div>\n\t\t\t\t<div class=\"elementor-element elementor-element-4d656ad6 elementor-button-align-start elementor-mobile-button-align-center elementor-widget elementor-widget-form\" data-id=\"4d656ad6\" data-element_type=\"widget\" data-e-type=\"widget\" data-settings=\"{&quot;step_next_label&quot;:&quot;Next&quot;,&quot;step_previous_label&quot;:&quot;Previous&quot;,&quot;button_width&quot;:&quot;100&quot;,&quot;step_type&quot;:&quot;number_text&quot;,&quot;step_icon_shape&quot;:&quot;circle&quot;}\" data-widget_type=\"form.default\">\n\t\t\t\t<div class=\"elementor-widget-container\">\n\t\t\t\t\t\t\t<form class=\"elementor-form\" method=\"post\" name=\"Home form\">\n\t\t\t<input type=\"hidden\" name=\"post_id\" value=\"633\"\/>\n\t\t\t<input type=\"hidden\" name=\"form_id\" value=\"4d656ad6\"\/>\n\t\t\t<input type=\"hidden\" name=\"referer_title\" value=\"\" \/>\n\n\t\t\t\n\t\t\t<div class=\"elementor-form-fields-wrapper elementor-labels-above\">\n\t\t\t\t\t\t\t\t<div class=\"elementor-field-type-text elementor-field-group elementor-column elementor-field-group-name elementor-col-100\">\n\t\t\t\t\t\t\t\t\t\t\t\t<label for=\"form-field-name\" class=\"elementor-field-label\">\n\t\t\t\t\t\t\t\tVotre e-mail\t\t\t\t\t\t\t<\/label>\n\t\t\t\t\t\t\t\t\t\t\t\t\t\t<input size=\"1\" type=\"text\" name=\"form_fields[name]\" id=\"form-field-name\" class=\"elementor-field elementor-size-sm  elementor-field-textual\" placeholder=\"Contact@company.com\">\n\t\t\t\t\t\t\t\t\t\t\t<\/div>\n\t\t\t\t\t\t\t\t<div class=\"elementor-field-type-email elementor-field-group elementor-column elementor-field-group-email elementor-col-50 elementor-field-required\">\n\t\t\t\t\t\t\t\t\t\t\t\t<label for=\"form-field-email\" class=\"elementor-field-label\">\n\t\t\t\t\t\t\t\tPr\u00e9nom\t\t\t\t\t\t\t<\/label>\n\t\t\t\t\t\t\t\t\t\t\t\t\t\t<input size=\"1\" type=\"email\" name=\"form_fields[email]\" id=\"form-field-email\" class=\"elementor-field elementor-size-sm  elementor-field-textual\" placeholder=\"John \" required=\"required\">\n\t\t\t\t\t\t\t\t\t\t\t<\/div>\n\t\t\t\t\t\t\t\t<div class=\"elementor-field-type-text elementor-field-group elementor-column elementor-field-group-04fbb9f elementor-col-50 elementor-field-required\">\n\t\t\t\t\t\t\t\t\t\t\t\t<label for=\"form-field-04fbb9f\" class=\"elementor-field-label\">\n\t\t\t\t\t\t\t\tNom de famille\t\t\t\t\t\t\t<\/label>\n\t\t\t\t\t\t\t\t\t\t\t\t\t\t<input size=\"1\" type=\"text\" name=\"form_fields[04fbb9f]\" id=\"form-field-04fbb9f\" class=\"elementor-field elementor-size-sm  elementor-field-textual\" placeholder=\"Doe\" required=\"required\">\n\t\t\t\t\t\t\t\t\t\t\t<\/div>\n\t\t\t\t\t\t\t\t<div class=\"elementor-field-type-textarea elementor-field-group elementor-column elementor-field-group-field_9469674 elementor-col-100\">\n\t\t\t\t\t\t\t\t\t\t\t\t<label for=\"form-field-field_9469674\" class=\"elementor-field-label\">\n\t\t\t\t\t\t\t\tObjet\t\t\t\t\t\t\t<\/label>\n\t\t\t\t\t\t<textarea class=\"elementor-field-textual elementor-field  elementor-size-sm\" name=\"form_fields[field_9469674]\" id=\"form-field-field_9469674\" rows=\"4\"><\/textarea>\t\t\t\t<\/div>\n\t\t\t\t\t\t\t\t<div class=\"elementor-field-group elementor-column elementor-field-type-submit elementor-col-100 e-form__buttons\">\n\t\t\t\t\t<button class=\"elementor-button elementor-size-md\" type=\"submit\">\n\t\t\t\t\t\t<span class=\"elementor-button-content-wrapper\">\n\t\t\t\t\t\t\t\t\t\t\t\t\t\t\t<span class=\"elementor-button-icon\">\n\t\t\t\t\t\t\t\t\t<i aria-hidden=\"true\" class=\"far fa-arrow-alt-circle-right\"><\/i>\t\t\t\t\t\t\t\t\t\t\t\t\t\t\t\t\t<\/span>\n\t\t\t\t\t\t\t\t\t\t\t\t\t\t\t\t\t\t\t\t\t\t<span class=\"elementor-button-text\">R\u00e9serve<\/span>\n\t\t\t\t\t\t\t\t\t\t\t\t\t<\/span>\n\t\t\t\t\t<\/button>\n\t\t\t\t<\/div>\n\t\t\t<\/div>\n\t\t<\/form>\n\t\t\t\t\t\t<\/div>\n\t\t\t\t<\/div>\n\t\t\t\t\t<\/div>\n\t\t<\/div>\n\t\t\t\t\t<\/div>\n\t\t<\/section>\n\t\t\t\t<\/div>\n\t\t","protected":false},"excerpt":{"rendered":"<p>Traditional Hammam Agadir Exp\u00e9rience Traditional Hammam Agadir Si vous recherchez une exp\u00e9rience marocaine unique et authentique lors de votre voyage \u00e0 Agadir, je vous recommande vivement d&rsquo;essayer notre hammam traditionnel au spa Agadir. Notre hammam est con\u00e7u pour offrir aux visiteurs une exp\u00e9rience authentique et luxueuse qui les laissera se sentir rajeunis et d\u00e9tendus. Dans [&hellip;]<\/p>\n","protected":false},"author":1,"featured_media":0,"parent":0,"menu_order":0,"comment_status":"closed","ping_status":"closed","template":"","meta":{"_joinchat":[],"footnotes":""},"class_list":["post-633","page","type-page","status-publish","hentry"],"_links":{"self":[{"href":"https:\/\/spaagadir.com\/en\/wp-json\/wp\/v2\/pages\/633","targetHints":{"allow":["GET"]}}],"collection":[{"href":"https:\/\/spaagadir.com\/en\/wp-json\/wp\/v2\/pages"}],"about":[{"href":"https:\/\/spaagadir.com\/en\/wp-json\/wp\/v2\/types\/page"}],"author":[{"embeddable":true,"href":"https:\/\/spaagadir.com\/en\/wp-json\/wp\/v2\/users\/1"}],"replies":[{"embeddable":true,"href":"https:\/\/spaagadir.com\/en\/wp-json\/wp\/v2\/comments?post=633"}],"version-history":[{"count":23,"href":"https:\/\/spaagadir.com\/en\/wp-json\/wp\/v2\/pages\/633\/revisions"}],"predecessor-version":[{"id":851,"href":"https:\/\/spaagadir.com\/en\/wp-json\/wp\/v2\/pages\/633\/revisions\/851"}],"wp:attachment":[{"href":"https:\/\/spaagadir.com\/en\/wp-json\/wp\/v2\/media?parent=633"}],"curies":[{"name":"wp","href":"https:\/\/api.w.org\/{rel}","templated":true}]}}